{"id":781,"date":"2017-04-26T13:42:29","date_gmt":"2017-04-26T18:42:29","guid":{"rendered":"http:\/\/training.hotello.com\/our-teachers\/"},"modified":"2017-06-06T14:10:45","modified_gmt":"2017-06-06T19:10:45","slug":"our-teachers","status":"publish","type":"page","link":"https:\/\/campus.hotello.com\/en\/our-teachers\/","title":{"rendered":"Our teachers"},"content":{"rendered":"<div class=\"wpb-content-wrapper\"><p>[vc_row][vc_column][vc_column_text]<\/p>\n<p style=\"text-align: center; font-size: 50px;\">Our teachers<\/p>\n<p>[\/vc_column_text][vc_empty_space height=&#8221;30px&#8221;][vc_row_inner content_placement=&#8221;middle&#8221;][vc_column_inner width=&#8221;1\/2&#8243;][vc_column_text]<strong style=\"font-size: 30px;\">Karine Thibeault<\/strong><span style=\"font-size: 30px;\">, formatrice Hotello<\/span>[\/vc_column_text][vc_separator color=&#8221;custom&#8221; align=&#8221;align_left&#8221; border_width=&#8221;2&#8243; el_width=&#8221;20&#8243; accent_color=&#8221;#e67d50&#8243;][vc_column_text]<\/p>\n<p style=\"font-size: 16px;\">Karine Thibeault travaille depuis 18 ans dans le domaine de l\u2019h\u00f4tellerie, dont bient\u00f4t 7 ans chez Hotello par Mingus Software, en tant que formatrice.<\/p>\n<p style=\"font-size: 16px;\">H\u00f4teli\u00e8re de profession, elle a \u00e9cum\u00e9 tous les d\u00e9partements que l\u2019on peut trouver dans un h\u00f4tel, de l\u2019entretien m\u00e9nager \u00e0 la v\u00e9rification de nuit.<br \/>\nElle a \u00e9galement occup\u00e9 des positions en direction de la r\u00e9ception ou encore en direction des r\u00e9servations et des revenus.<\/p>\n<p style=\"font-size: 16px;\">Tout au long de votre formation, Karine essaye de mettre en place des astuces qui vous permettront d\u2019int\u00e9grer Hotello dans votre quotidien d\u2019h\u00f4telier.<\/p>\n<p>[\/vc_column_text][\/vc_column_inner][vc_column_inner width=&#8221;1\/2&#8243;][vc_single_image image=&#8221;651&#8243; img_size=&#8221;600&#215;600&#8243; alignment=&#8221;center&#8221;][\/vc_column_inner][\/vc_row_inner][vc_empty_space height=&#8221;60px&#8221;][\/vc_column][\/vc_row]<\/p>\n<\/div>","protected":false},"excerpt":{"rendered":"<p>[vc_row][vc_column][vc_column_text] Our teachers [\/vc_column_text][vc_empty_space height=&#8221;30px&#8221;][vc_row_inner content_placement=&#8221;middle&#8221;][vc_column_inner width=&#8221;1\/2&#8243;][vc_column_text]Karine Thibeault, formatrice Hotello[\/vc_column_text][vc_separator color=&#8221;custom&#8221; align=&#8221;align_left&#8221; border_width=&#8221;2&#8243; el_width=&#8221;20&#8243; accent_color=&#8221;#e67d50&#8243;][vc_column_text] Karine Thibeault travaille depuis 18 ans dans le domaine de l\u2019h\u00f4tellerie, dont bient\u00f4t 7 ans chez Hotello par Mingus Software, en tant que formatrice. H\u00f4teli\u00e8re de profession, elle a \u00e9cum\u00e9 tous les d\u00e9partements que l\u2019on peut trouver dans un h\u00f4tel, [&hellip;]<\/p>\n","protected":false},"author":4,"featured_media":0,"parent":0,"menu_order":0,"comment_status":"closed","ping_status":"closed","template":"","meta":[],"_links":{"self":[{"href":"https:\/\/campus.hotello.com\/en\/wp-json\/wp\/v2\/pages\/781"}],"collection":[{"href":"https:\/\/campus.hotello.com\/en\/wp-json\/wp\/v2\/pages"}],"about":[{"href":"https:\/\/campus.hotello.com\/en\/wp-json\/wp\/v2\/types\/page"}],"author":[{"embeddable":true,"href":"https:\/\/campus.hotello.com\/en\/wp-json\/wp\/v2\/users\/4"}],"replies":[{"embeddable":true,"href":"https:\/\/campus.hotello.com\/en\/wp-json\/wp\/v2\/comments?post=781"}],"version-history":[{"count":0,"href":"https:\/\/campus.hotello.com\/en\/wp-json\/wp\/v2\/pages\/781\/revisions"}],"wp:attachment":[{"href":"https:\/\/campus.hotello.com\/en\/wp-json\/wp\/v2\/media?parent=781"}],"curies":[{"name":"wp","href":"https:\/\/api.w.org\/{rel}","templated":true}]}}